{"id":93,"date":"2019-04-20T14:40:34","date_gmt":"2019-04-20T12:40:34","guid":{"rendered":"http:\/\/capovilla.org\/?page_id=93"},"modified":"2020-11-12T10:55:12","modified_gmt":"2020-11-12T09:55:12","slug":"qui-sommes-nous","status":"publish","type":"page","link":"https:\/\/capovilla.org\/index.php\/lassociation\/qui-sommes-nous\/","title":{"rendered":"Qui sommes nous ?"},"content":{"rendered":"\n<p><a href=\"http:\/\/capovilla.org\/wp-content\/uploads\/2019\/07\/panneaux-de-presentation.pdf\">panneaux de pr\u00e9sentation<\/a><\/p>\n\n\n\n<p>L\u2019Association pour le patrimoine industriel de Champagne-Ardenne a \u00e9t\u00e9 cr\u00e9\u00e9e en automne 1997, \u00e0 la suite de l\u2019Universit\u00e9 d\u2019\u00c9t\u00e9 de Bazeilles de 1995, qui portait sur \u00ab\u00a0Tourisme et patrimoine industriel\u00a0\u00bb, et dont le succ\u00e8s avait \u00e9t\u00e9 remarquable. Depuis, quel chemin parcouru ! Nous avons organis\u00e9 une dizaine de rencontres qui ont rassembl\u00e9 d\u2019\u00e9minentes personnalit\u00e9s du monde scientifique et associatif, de France, d\u2019Europe, du monde, devant plusieurs centaines d\u2019auditeurs. Rappelons-nous : en 1998, <em>Le patrimoine de l\u2019agroalimentaire<\/em>, \u00e0 Reims ; en 2000, <em>L\u2019eau industrielle,<\/em> <em>l\u2019eau industrieuse<\/em> \u00e0 Sedan ; en 2001, <em>Habiter l\u2019industrie, hier, aujourd\u2019hui, demain<\/em>, et participation au colloque du Foyer r\u00e9mois <em>La cit\u00e9-jardin, une histoire ancienne, une id\u00e9e d\u2019avenir<\/em> ; en 2002, <em>Le patrimoine des caves et des celliers,<\/em> \u00e0 A\u00ff. En 2003, une autre universit\u00e9 d\u2019\u00e9t\u00e9 \u00e0 Bazeilles concluait deux ann\u00e9es du Groupe de Formation par la recherche, du rectorat, sur le th\u00e8me : <em>Le patrimoine industriel facteur de la conscience europ\u00e9enne<\/em>. En 2004, un colloque a eu lieu \u00e0 Reims sur <em>Les arts du feu.<\/em><\/p>\n\n\n\n<p>Partenaire des structures r\u00e9gionales\u00a0 ou d\u2019\u00c9tat en R\u00e9gion telles que la DRAC, le service culturel de la R\u00e9gion, ou encore ACCUSTICA, notre association est agr\u00e9\u00e9e par l\u2019\u00c9ducation nationale.<\/p>\n\n\n\n<p>Notre association est adh\u00e9rente du CILAC, association pour le patrimoine industriel en France et de TICCIH association internationale, expert aupr\u00e8s de l\u2019UNESCO pour la s\u00e9lection des sites \u00e0 inscrire sur la liste du patrimoine mondial. C\u2019est \u00e0 ce dernier titre qu\u2019en 2007 nous avons organis\u00e9 deux rencontres internationales : la premi\u00e8re concernant <em>Le patrimoine de l\u2019industrie agro-alimentaire<\/em> s\u2019est tenue \u00e0 Reims les 3, \u00a04 et 5 mai 2007 et l\u2019autre concernant <em>Les grands monuments du textile<\/em> s\u2019est tenue \u00e0 Sedan les 31 mai et 1 et 2 juin 2007.<\/p>\n\n\n\n<p>Entre temps, l\u2019APIC avait ouvert son vivier de sp\u00e9cialistes aux demandes du service de l\u2019Inventaire de la DRAC de Champagne-Ardenne, pour la v\u00e9rification et la validation des rep\u00e9rages faits dans trois des d\u00e9partements (Haute-Marne, Marne et Aube), et l\u2019aide \u00e0 l\u2019inventaire des Ardennes, op\u00e9r\u00e9 par Bruno Decrock et son \u00e9quipe. Pour c\u00e9l\u00e9brer la fin de l\u2019inventaire, comme la r\u00e9gion Champagne-Ardenne est la deuxi\u00e8me de France \u00e0 l\u2019avoir termin\u00e9, apr\u00e8s le Poitou-Charentes, un colloque r\u00e9alis\u00e9 \u00e0 Ch\u00e2lons-en-Champagne nous a permis de poser des questions pour aller plus loin. Il s\u2019intitulait \u00ab&nbsp;<em>Le patrimoine industriel de Champagne-Ardenne, diversit\u00e9 et destin\u00e9es&nbsp;<\/em>\u00bb.<\/p>\n\n\n\n<p>Des publications ont \u00e9t\u00e9 faites ou sont en cours, qui constituent petit \u00e0 petit un mat\u00e9riau de r\u00e9f\u00e9rence pour qui s\u2019int\u00e9resse \u00e0 la Champagne-Ardenne en particulier et au patrimoine industriel, en g\u00e9n\u00e9ral. Depuis 1998, nous avons une bonne douzaine de titres \u00e0 notre actif, et nous avons plusieurs ouvrages en pr\u00e9paration. Les actes du colloque de Ch\u00e2lons-en-Champagne sont publi\u00e9s en avril 2012. Les biblioth\u00e8ques, les archives et les \u00e9tablissements de l\u2019enseignement secondaire en sont syst\u00e9matiquement dot\u00e9s.<\/p>\n\n\n\n<p>Notre association poursuit son \u0153uvre d\u2019\u00e9tude et de diffusion du patrimoine industriel en proposant diverses activit\u00e9s : des sorties et des voyages permettent de relativiser notre patrimoine et d\u2019en mesurer la richesse, par comparaison. Nous avons visit\u00e9 les r\u00e9gions voisines de la n\u00f4tre (Bourgogne, Alsace, Lorraine, Nord, Franche-Comt\u00e9\u2026), des pays d\u2019Europe (Pologne, Catalogne, Belgique) et des pays plus lointains (l\u2019Oural, la Russie au nord de Moscou, l\u2019Argentine, le Chili, le Mexique\u2026). Les \u00ab Mercredis du patrimoine \u00bb consacr\u00e9s \u00e0 la visite de sites patrimoniaux en collaboration avec le r\u00e9seau du CR-CDDP se multiplient et attirent beaucoup de monde. La pr\u00e9sidente de l\u2019APIC, <a href=\"http:\/\/www.patrimoineindustriel-apic.com\/bibliotheque\/biblio\/GDF.html\">Gracia Dorel-Ferr\u00e9<\/a>, docteur en histoire, apr\u00e8s des ann\u00e9es d\u2019enseignement du patrimoine industriel \u00e0 Reims et \u00e0 Paris-1, est maintenant charg\u00e9e de cours \u00e0 Chamb\u00e9ry, pour l\u2019un des rares masters professionnalisants qui en France, inscrivent dans leur cursus, une formation au patrimoine industriel. Notre lien avec l\u2019Universit\u00e9 se renforce du fait de partenariats que nous tissons avec des structures \u00e9trang\u00e8res et europ\u00e9ennes, pour des objectifs communs.<br><\/p>\n","protected":false},"excerpt":{"rendered":"<p>panneaux de pr\u00e9sentation L\u2019Association pour le patrimoine industriel de Champagne-Ardenne a \u00e9t\u00e9 cr\u00e9\u00e9e en automne 1997, \u00e0 la suite de l\u2019Universit\u00e9 d\u2019\u00c9t\u00e9 de Bazeilles de 1995, qui portait sur \u00ab\u00a0Tourisme et patrimoine industriel\u00a0\u00bb, et&#46;&#46;&#46;<\/p>\n","protected":false},"author":1,"featured_media":0,"parent":34,"menu_order":1,"comment_status":"closed","ping_status":"closed","template":"","meta":{"_exactmetrics_skip_tracking":false,"_exactmetrics_sitenote_active":false,"_exactmetrics_sitenote_note":"","_exactmetrics_sitenote_category":0,"footnotes":""},"_links":{"self":[{"href":"https:\/\/capovilla.org\/index.php\/wp-json\/wp\/v2\/pages\/93"}],"collection":[{"href":"https:\/\/capovilla.org\/index.php\/wp-json\/wp\/v2\/pages"}],"about":[{"href":"https:\/\/capovilla.org\/index.php\/wp-json\/wp\/v2\/types\/page"}],"author":[{"embeddable":true,"href":"https:\/\/capovilla.org\/index.php\/wp-json\/wp\/v2\/users\/1"}],"replies":[{"embeddable":true,"href":"https:\/\/capovilla.org\/index.php\/wp-json\/wp\/v2\/comments?post=93"}],"version-history":[{"count":15,"href":"https:\/\/capovilla.org\/index.php\/wp-json\/wp\/v2\/pages\/93\/revisions"}],"predecessor-version":[{"id":842,"href":"https:\/\/capovilla.org\/index.php\/wp-json\/wp\/v2\/pages\/93\/revisions\/842"}],"up":[{"embeddable":true,"href":"https:\/\/capovilla.org\/index.php\/wp-json\/wp\/v2\/pages\/34"}],"wp:attachment":[{"href":"https:\/\/capovilla.org\/index.php\/wp-json\/wp\/v2\/media?parent=93"}],"curies":[{"name":"wp","href":"https:\/\/api.w.org\/{rel}","templated":true}]}}