{"id":717,"date":"2020-05-01T00:33:13","date_gmt":"2020-04-30T22:33:13","guid":{"rendered":"https:\/\/capovilla.org\/?page_id=717"},"modified":"2020-12-21T23:08:15","modified_gmt":"2020-12-21T22:08:15","slug":"le-musee-des-poids-et-mesures","status":"publish","type":"page","link":"https:\/\/capovilla.org\/index.php\/le-musee-des-poids-et-mesures\/","title":{"rendered":"Le mus\u00e9e des poids et mesures"},"content":{"rendered":"\n<div id=\"envira-gallery-wrap-716\" class=\"envira-gallery-wrap envira-gallery-theme-base envira-lightbox-theme-base_dark\" itemscope itemtype=\"https:\/\/schema.org\/ImageGallery\"><div style=\"opacity: 0.0\"  data-row-height=\"100\" data-gallery-theme=\"normal\" id=\"envira-gallery-716\" class=\"envira-gallery-public envira-gallery-justified-public envira-gallery-0-columns envira-clear enviratope envira-gallery-css-animations\" data-envira-columns=\"0\"><div id=\"envira-gallery-item-711\" class=\"envira-gallery-item enviratope-item envira-gallery-item-1 envira-lazy-load\" style=\"padding-left: 1px; padding-bottom: 1px; padding-right: 1px;\"  itemscope itemtype=\"https:\/\/schema.org\/ImageObject\"><div class=\"envira-gallery-item-inner\"><div class=\"envira-gallery-position-overlay  envira-gallery-top-left\"><\/div><div class=\"envira-gallery-position-overlay  envira-gallery-top-right\"><\/div><div class=\"envira-gallery-position-overlay  envira-gallery-bottom-left\"><\/div><div class=\"envira-gallery-position-overlay  envira-gallery-bottom-right\"><\/div><a href=\"https:\/\/capovilla.org\/wp-content\/uploads\/2020\/05\/Mus\u00e9e-poids-et-mesures-1.jpg\" class=\"envira-gallery-716 envira-gallery-link\" rel=\"enviragallery716\" title=\"Mus\u00e9e poids et mesures (1)\" data-envira-caption=\"Mus\u00e9e poids et mesures (1)\" data-envira-retina=\"\" data-thumbnail=\"\"  itemprop=\"contentUrl\"><img decoding=\"async\" id=\"envira-gallery-image-711\" class=\"envira-gallery-image envira-gallery-image-1 envira-normal envira-lazy\" data-envira-index=\"1\" src=\"https:\/\/capovilla.org\/wp-content\/uploads\/2020\/05\/Mus\u00e9e-poids-et-mesures-1-640x480.jpg\" data-envira-src=\"https:\/\/capovilla.org\/wp-content\/uploads\/2020\/05\/Mus\u00e9e-poids-et-mesures-1-640x480.jpg\" data-envira-gallery-id=\"716\" data-envira-item-id=\"711\" data-envira-caption=\"Mus\u00e9e poids et mesures (1)\" alt=\"Le mus\u00e9e est install\u00e9 dans une ancienne grange de ferme restaur\u00e9e\" title=\"Mus\u00e9e poids et mesures (1)\"  itemprop=\"thumbnailUrl\" data-envira-srcset=\"https:\/\/capovilla.org\/wp-content\/uploads\/2020\/05\/Mus\u00e9e-poids-et-mesures-1-640x480.jpg 400w,https:\/\/capovilla.org\/wp-content\/uploads\/2020\/05\/Mus\u00e9e-poids-et-mesures-1-640x480.jpg 2x\" data-envira-width=\"300\" data-envira-height=\"200\" srcset=\"data:image\/gif;base64,R0lGODlhAQABAIAAAP\/\/\/\/\/\/\/yH5BAEKAAEALAAAAAABAAEAAAICTAEAOw==\" data-safe-src=\"data:image\/gif;base64,R0lGODlhAQABAIAAAP\/\/\/\/\/\/\/yH5BAEKAAEALAAAAAABAAEAAAICTAEAOw==\" \/><\/a><\/div><\/div><div id=\"envira-gallery-item-712\" class=\"envira-gallery-item enviratope-item envira-gallery-item-2 envira-lazy-load\" style=\"padding-left: 1px; padding-bottom: 1px; padding-right: 1px;\"  itemscope itemtype=\"https:\/\/schema.org\/ImageObject\"><div class=\"envira-gallery-item-inner\"><div class=\"envira-gallery-position-overlay  envira-gallery-top-left\"><\/div><div class=\"envira-gallery-position-overlay  envira-gallery-top-right\"><\/div><div class=\"envira-gallery-position-overlay  envira-gallery-bottom-left\"><\/div><div class=\"envira-gallery-position-overlay  envira-gallery-bottom-right\"><\/div><a href=\"https:\/\/capovilla.org\/wp-content\/uploads\/2020\/05\/Mus\u00e9e-poids-et-mesures-2.jpg\" class=\"envira-gallery-716 envira-gallery-link\" rel=\"enviragallery716\" title=\"Mus\u00e9e poids et mesures (2)\" data-envira-caption=\"Mus\u00e9e poids et mesures (2)\" data-envira-retina=\"\" data-thumbnail=\"\"  itemprop=\"contentUrl\"><img decoding=\"async\" id=\"envira-gallery-image-712\" class=\"envira-gallery-image envira-gallery-image-2 envira-normal envira-lazy\" data-envira-index=\"2\" src=\"https:\/\/capovilla.org\/wp-content\/uploads\/2020\/05\/Mus\u00e9e-poids-et-mesures-2-683x1024-640x480.jpg\" data-envira-src=\"https:\/\/capovilla.org\/wp-content\/uploads\/2020\/05\/Mus\u00e9e-poids-et-mesures-2-683x1024-640x480.jpg\" data-envira-gallery-id=\"716\" data-envira-item-id=\"712\" data-envira-caption=\"Mus\u00e9e poids et mesures (2)\" alt=\"Les pi\u00e8ces sont expos\u00e9es avec des \u00e9tiquettes descriptives\" title=\"Mus\u00e9e poids et mesures (2)\"  itemprop=\"thumbnailUrl\" data-envira-srcset=\"https:\/\/capovilla.org\/wp-content\/uploads\/2020\/05\/Mus\u00e9e-poids-et-mesures-2-683x1024-640x480.jpg 400w,https:\/\/capovilla.org\/wp-content\/uploads\/2020\/05\/Mus\u00e9e-poids-et-mesures-2-683x1024-640x480.jpg 2x\" data-envira-width=\"200\" data-envira-height=\"300\" srcset=\"data:image\/gif;base64,R0lGODlhAQABAIAAAP\/\/\/\/\/\/\/yH5BAEKAAEALAAAAAABAAEAAAICTAEAOw==\" data-safe-src=\"data:image\/gif;base64,R0lGODlhAQABAIAAAP\/\/\/\/\/\/\/yH5BAEKAAEALAAAAAABAAEAAAICTAEAOw==\" \/><\/a><\/div><\/div><div id=\"envira-gallery-item-713\" class=\"envira-gallery-item enviratope-item envira-gallery-item-3 envira-lazy-load\" style=\"padding-left: 1px; padding-bottom: 1px; padding-right: 1px;\"  itemscope itemtype=\"https:\/\/schema.org\/ImageObject\"><div class=\"envira-gallery-item-inner\"><div class=\"envira-gallery-position-overlay  envira-gallery-top-left\"><\/div><div class=\"envira-gallery-position-overlay  envira-gallery-top-right\"><\/div><div class=\"envira-gallery-position-overlay  envira-gallery-bottom-left\"><\/div><div class=\"envira-gallery-position-overlay  envira-gallery-bottom-right\"><\/div><a href=\"https:\/\/capovilla.org\/wp-content\/uploads\/2020\/05\/Mus\u00e9e-poids-et-mesures-3.jpg\" class=\"envira-gallery-716 envira-gallery-link\" rel=\"enviragallery716\" title=\"Mus\u00e9e poids et mesures (3)\" data-envira-caption=\"Mus\u00e9e poids et mesures (3)\" data-envira-retina=\"\" data-thumbnail=\"\"  itemprop=\"contentUrl\"><img decoding=\"async\" id=\"envira-gallery-image-713\" class=\"envira-gallery-image envira-gallery-image-3 envira-normal envira-lazy\" data-envira-index=\"3\" src=\"https:\/\/capovilla.org\/wp-content\/uploads\/2020\/05\/Mus\u00e9e-poids-et-mesures-3-683x1024-640x480.jpg\" data-envira-src=\"https:\/\/capovilla.org\/wp-content\/uploads\/2020\/05\/Mus\u00e9e-poids-et-mesures-3-683x1024-640x480.jpg\" data-envira-gallery-id=\"716\" data-envira-item-id=\"713\" data-envira-caption=\"Mus\u00e9e poids et mesures (3)\" alt=\"Des pi\u00e8ces de collection parmi les poids expos\u00e9s\" title=\"Mus\u00e9e poids et mesures (3)\"  itemprop=\"thumbnailUrl\" data-envira-srcset=\"https:\/\/capovilla.org\/wp-content\/uploads\/2020\/05\/Mus\u00e9e-poids-et-mesures-3-683x1024-640x480.jpg 400w,https:\/\/capovilla.org\/wp-content\/uploads\/2020\/05\/Mus\u00e9e-poids-et-mesures-3-683x1024-640x480.jpg 2x\" data-envira-width=\"200\" data-envira-height=\"300\" srcset=\"data:image\/gif;base64,R0lGODlhAQABAIAAAP\/\/\/\/\/\/\/yH5BAEKAAEALAAAAAABAAEAAAICTAEAOw==\" data-safe-src=\"data:image\/gif;base64,R0lGODlhAQABAIAAAP\/\/\/\/\/\/\/yH5BAEKAAEALAAAAAABAAEAAAICTAEAOw==\" \/><\/a><\/div><\/div><div id=\"envira-gallery-item-714\" class=\"envira-gallery-item enviratope-item envira-gallery-item-4 envira-lazy-load\" style=\"padding-left: 1px; padding-bottom: 1px; padding-right: 1px;\"  itemscope itemtype=\"https:\/\/schema.org\/ImageObject\"><div class=\"envira-gallery-item-inner\"><div class=\"envira-gallery-position-overlay  envira-gallery-top-left\"><\/div><div class=\"envira-gallery-position-overlay  envira-gallery-top-right\"><\/div><div class=\"envira-gallery-position-overlay  envira-gallery-bottom-left\"><\/div><div class=\"envira-gallery-position-overlay  envira-gallery-bottom-right\"><\/div><a href=\"https:\/\/capovilla.org\/wp-content\/uploads\/2020\/05\/Mus\u00e9e-poids-et-mesures-4.jpg\" class=\"envira-gallery-716 envira-gallery-link\" rel=\"enviragallery716\" title=\"Mus\u00e9e poids et mesures (4)\" data-envira-caption=\"Mus\u00e9e poids et mesures (4)\" data-envira-retina=\"\" data-thumbnail=\"\"  itemprop=\"contentUrl\"><img decoding=\"async\" id=\"envira-gallery-image-714\" class=\"envira-gallery-image envira-gallery-image-4 envira-normal envira-lazy\" data-envira-index=\"4\" src=\"https:\/\/capovilla.org\/wp-content\/uploads\/2020\/05\/Mus\u00e9e-poids-et-mesures-4-1024x683-640x480.jpg\" data-envira-src=\"https:\/\/capovilla.org\/wp-content\/uploads\/2020\/05\/Mus\u00e9e-poids-et-mesures-4-1024x683-640x480.jpg\" data-envira-gallery-id=\"716\" data-envira-item-id=\"714\" data-envira-caption=\"Mus\u00e9e poids et mesures (4)\" alt=\"Une pr\u00e9sentation exceptionnelle !\" title=\"Mus\u00e9e poids et mesures (4)\"  itemprop=\"thumbnailUrl\" data-envira-srcset=\"https:\/\/capovilla.org\/wp-content\/uploads\/2020\/05\/Mus\u00e9e-poids-et-mesures-4-1024x683-640x480.jpg 400w,https:\/\/capovilla.org\/wp-content\/uploads\/2020\/05\/Mus\u00e9e-poids-et-mesures-4-1024x683-640x480.jpg 2x\" data-envira-width=\"300\" data-envira-height=\"200\" srcset=\"data:image\/gif;base64,R0lGODlhAQABAIAAAP\/\/\/\/\/\/\/yH5BAEKAAEALAAAAAABAAEAAAICTAEAOw==\" data-safe-src=\"data:image\/gif;base64,R0lGODlhAQABAIAAAP\/\/\/\/\/\/\/yH5BAEKAAEALAAAAAABAAEAAAICTAEAOw==\" \/><\/a><\/div><\/div><div id=\"envira-gallery-item-715\" class=\"envira-gallery-item enviratope-item envira-gallery-item-5 envira-lazy-load\" style=\"padding-left: 1px; padding-bottom: 1px; padding-right: 1px;\"  itemscope itemtype=\"https:\/\/schema.org\/ImageObject\"><div class=\"envira-gallery-item-inner\"><div class=\"envira-gallery-position-overlay  envira-gallery-top-left\"><\/div><div class=\"envira-gallery-position-overlay  envira-gallery-top-right\"><\/div><div class=\"envira-gallery-position-overlay  envira-gallery-bottom-left\"><\/div><div class=\"envira-gallery-position-overlay  envira-gallery-bottom-right\"><\/div><a href=\"https:\/\/capovilla.org\/wp-content\/uploads\/2020\/05\/Mus\u00e9e-poids-et-mesures-5.jpg\" class=\"envira-gallery-716 envira-gallery-link\" rel=\"enviragallery716\" title=\"Mus\u00e9e poids et mesures (5)\" data-envira-caption=\"Mus\u00e9e poids et mesures (5)\" data-envira-retina=\"\" data-thumbnail=\"\"  itemprop=\"contentUrl\"><img decoding=\"async\" id=\"envira-gallery-image-715\" class=\"envira-gallery-image envira-gallery-image-5 envira-normal envira-lazy\" data-envira-index=\"5\" src=\"https:\/\/capovilla.org\/wp-content\/uploads\/2020\/05\/Mus\u00e9e-poids-et-mesures-5-1024x683-640x480.jpg\" data-envira-src=\"https:\/\/capovilla.org\/wp-content\/uploads\/2020\/05\/Mus\u00e9e-poids-et-mesures-5-1024x683-640x480.jpg\" data-envira-gallery-id=\"716\" data-envira-item-id=\"715\" data-envira-caption=\"Mus\u00e9e poids et mesures (5)\" alt=\"La collection des balances romaines\" title=\"Mus\u00e9e poids et mesures (5)\"  itemprop=\"thumbnailUrl\" data-envira-srcset=\"https:\/\/capovilla.org\/wp-content\/uploads\/2020\/05\/Mus\u00e9e-poids-et-mesures-5-1024x683-640x480.jpg 400w,https:\/\/capovilla.org\/wp-content\/uploads\/2020\/05\/Mus\u00e9e-poids-et-mesures-5-1024x683-640x480.jpg 2x\" data-envira-width=\"300\" data-envira-height=\"200\" srcset=\"data:image\/gif;base64,R0lGODlhAQABAIAAAP\/\/\/\/\/\/\/yH5BAEKAAEALAAAAAABAAEAAAICTAEAOw==\" data-safe-src=\"data:image\/gif;base64,R0lGODlhAQABAIAAAP\/\/\/\/\/\/\/yH5BAEKAAEALAAAAAABAAEAAAICTAEAOw==\" \/><\/a><\/div><\/div><\/div><\/div><noscript><img decoding=\"async\" src=\"https:\/\/capovilla.org\/wp-content\/uploads\/2020\/05\/Mus\u00e9e-poids-et-mesures-1.jpg\" alt=\"Le mus\u00e9e est install\u00e9 dans une ancienne grange de ferme restaur\u00e9e\" \/><img decoding=\"async\" src=\"https:\/\/capovilla.org\/wp-content\/uploads\/2020\/05\/Mus\u00e9e-poids-et-mesures-2.jpg\" alt=\"Les pi\u00e8ces sont expos\u00e9es avec des \u00e9tiquettes descriptives\" \/><img decoding=\"async\" src=\"https:\/\/capovilla.org\/wp-content\/uploads\/2020\/05\/Mus\u00e9e-poids-et-mesures-3.jpg\" alt=\"Des pi\u00e8ces de collection parmi les poids expos\u00e9s\" \/><img decoding=\"async\" src=\"https:\/\/capovilla.org\/wp-content\/uploads\/2020\/05\/Mus\u00e9e-poids-et-mesures-4.jpg\" alt=\"Une pr\u00e9sentation exceptionnelle !\" \/><img decoding=\"async\" src=\"https:\/\/capovilla.org\/wp-content\/uploads\/2020\/05\/Mus\u00e9e-poids-et-mesures-5.jpg\" alt=\"La collection des balances romaines\" \/><\/noscript>\n","protected":false},"excerpt":{"rendered":"","protected":false},"author":1,"featured_media":0,"parent":0,"menu_order":0,"comment_status":"closed","ping_status":"closed","template":"","meta":{"_exactmetrics_skip_tracking":false,"_exactmetrics_sitenote_active":false,"_exactmetrics_sitenote_note":"","_exactmetrics_sitenote_category":0,"footnotes":""},"_links":{"self":[{"href":"https:\/\/capovilla.org\/index.php\/wp-json\/wp\/v2\/pages\/717"}],"collection":[{"href":"https:\/\/capovilla.org\/index.php\/wp-json\/wp\/v2\/pages"}],"about":[{"href":"https:\/\/capovilla.org\/index.php\/wp-json\/wp\/v2\/types\/page"}],"author":[{"embeddable":true,"href":"https:\/\/capovilla.org\/index.php\/wp-json\/wp\/v2\/users\/1"}],"replies":[{"embeddable":true,"href":"https:\/\/capovilla.org\/index.php\/wp-json\/wp\/v2\/comments?post=717"}],"version-history":[{"count":4,"href":"https:\/\/capovilla.org\/index.php\/wp-json\/wp\/v2\/pages\/717\/revisions"}],"predecessor-version":[{"id":727,"href":"https:\/\/capovilla.org\/index.php\/wp-json\/wp\/v2\/pages\/717\/revisions\/727"}],"wp:attachment":[{"href":"https:\/\/capovilla.org\/index.php\/wp-json\/wp\/v2\/media?parent=717"}],"curies":[{"name":"wp","href":"https:\/\/api.w.org\/{rel}","templated":true}]}}