{"id":686,"date":"2020-04-28T16:53:02","date_gmt":"2020-04-28T14:53:02","guid":{"rendered":"https:\/\/capovilla.org\/?page_id=686"},"modified":"2021-03-14T23:20:47","modified_gmt":"2021-03-14T22:20:47","slug":"linventaire","status":"publish","type":"page","link":"https:\/\/capovilla.org\/index.php\/linventaire\/","title":{"rendered":"L&rsquo;Inventaire"},"content":{"rendered":"\n<p>Richesse du patrimoine industriel en Champagne-Ardenne.<br>Pr\u00e9sentation r\u00e9alis\u00e9e par Fran\u00e7oise Picot.<\/p>\n\n\n<a href=\"https:\/\/capovilla.org\/wp-content\/uploads\/2021\/03\/extrait-ppt-francoise.pdf\" class=\"pdfemb-viewer\" style=\"\" data-width=\"max\" data-height=\"max\" data-toolbar=\"bottom\" data-toolbar-fixed=\"off\">extrait-ppt-francoise<\/a>\n<p class=\"wp-block-pdfemb-pdf-embedder-viewer\"><\/p>\n\n\n\n<p><\/p>\n","protected":false},"excerpt":{"rendered":"<p>Richesse du patrimoine industriel en Champagne-Ardenne.Pr\u00e9sentation r\u00e9alis\u00e9e par Fran\u00e7oise Picot.<\/p>\n","protected":false},"author":1,"featured_media":0,"parent":0,"menu_order":3,"comment_status":"closed","ping_status":"closed","template":"","meta":{"_exactmetrics_skip_tracking":false,"_exactmetrics_sitenote_active":false,"_exactmetrics_sitenote_note":"","_exactmetrics_sitenote_category":0,"footnotes":""},"_links":{"self":[{"href":"https:\/\/capovilla.org\/index.php\/wp-json\/wp\/v2\/pages\/686"}],"collection":[{"href":"https:\/\/capovilla.org\/index.php\/wp-json\/wp\/v2\/pages"}],"about":[{"href":"https:\/\/capovilla.org\/index.php\/wp-json\/wp\/v2\/types\/page"}],"author":[{"embeddable":true,"href":"https:\/\/capovilla.org\/index.php\/wp-json\/wp\/v2\/users\/1"}],"replies":[{"embeddable":true,"href":"https:\/\/capovilla.org\/index.php\/wp-json\/wp\/v2\/comments?post=686"}],"version-history":[{"count":3,"href":"https:\/\/capovilla.org\/index.php\/wp-json\/wp\/v2\/pages\/686\/revisions"}],"predecessor-version":[{"id":959,"href":"https:\/\/capovilla.org\/index.php\/wp-json\/wp\/v2\/pages\/686\/revisions\/959"}],"wp:attachment":[{"href":"https:\/\/capovilla.org\/index.php\/wp-json\/wp\/v2\/media?parent=686"}],"curies":[{"name":"wp","href":"https:\/\/api.w.org\/{rel}","templated":true}]}}