{"id":647,"date":"2020-04-01T18:35:02","date_gmt":"2020-04-01T16:35:02","guid":{"rendered":"https:\/\/capovilla.org\/?page_id=647"},"modified":"2020-05-19T16:42:38","modified_gmt":"2020-05-19T14:42:38","slug":"album-2018","status":"publish","type":"page","link":"https:\/\/capovilla.org\/index.php\/phototheque\/album-2018\/","title":{"rendered":"Album 2018"},"content":{"rendered":"\n<p>Le mus\u00e9e des poids et mesures<\/p>\n\n\n\n<p>Plein de petits poids, plein de gros poids, des appareils anciens, actuels, et des explications excellentes&#8230;<\/p>\n\n\n\n<p><a href=\"https:\/\/capovilla.org\/index.php\/le-musee-des-poids-et-mesures\/\">Lien vers la galerie<\/a><\/p>\n\n\n<p><br>\n<!--StartFragment--><\/p>\n\n\n<p><strong>Bar-sur-Seine \/ Aube \/ Grand Est<\/strong><br> Le moulin, retenu par la Fondation du Patrimoine (11 d\u00e9cembre 2019)<\/p>\n\n\n\n<p><strong>Betheny \/ Marne \/ Grand Est<\/strong><br> Les Docks R\u00e9mois (10 octobre 2018)<\/p>\n\n\n\n<p><strong>Ch\u00e2lons-en-Champagne \/ Marne \/ Grand Est<\/strong><br> L\u2019\u00c9cole nationale sup\u00e9rieure des Arts et M\u00e9tiers (ENSAM) (14 mars 2018)<\/p>\n\n\n\n<p><strong>Couvrot \/ Marne \/ Grand Est<\/strong><br> La cimenterie Calcia (30 mai 2018)<\/p>\n\n\n\n<p><strong>Ecurey \/ Meuse \/ Grand Est<\/strong><br> Le site d\u2019Ecurey, ancienne abbaye et b\u00e2timents industriels (18 septembre 2019)<\/p>\n\n\n\n<p><strong>Orges \/ Haute-Marne \/ Grand Est<\/strong><br> La fleuristerie d\u2019Orges (4 avril 2018)<\/p>\n\n\n\n<p><strong>Rebais \/ Seine-et-Marne \/ Ile-de-France<\/strong><br> La maison de l\u2019Imprimerie (14 novembre 2018)<\/p>\n\n\n\n<p><strong>Reims \/ Marne \/ Grand Est<\/strong><br> La tour Fery, usine de traitement des eaux (12 d\u00e9cembre 2018)<\/p>\n\n\n\n<p><strong>Sainte-M\u00e9nehould \/ Marne \/ Grand Est<\/strong><br> La fa\u00efence en Argonne au mus\u00e9e d\u2019Art et d\u2019Histoire (6 novembre 2019)<\/p>\n\n\n\n<p><strong>Saint-Gobain \/ Aisne \/ Hauts de France<\/strong><br> La Manufacture des Glaces (11 mars 2020)<\/p>\n\n\n\n<p><strong>S\u00e9zanne \/ Marne \/ Grand Est<\/strong><br> le Ru des Auges et l\u2019oeuvre d\u2019Anael Topenot-Del Debbio (9 octobre 2019)<\/p>\n\n\n\n<p><strong>Stenay \/ Meuse \/ Grand Est<\/strong><br> Le mus\u00e9e de la bi\u00e8re (26 septembre 2018)<\/p>\n\n\n<p><!--EndFragment--><br>\n<br>\n<\/p>","protected":false},"excerpt":{"rendered":"<p>Le mus\u00e9e des poids et mesures Plein de petits poids, plein de gros poids, des appareils anciens, actuels, et des explications excellentes&#8230; Lien vers la galerie Bar-sur-Seine \/ Aube \/ Grand Est Le moulin,&#46;&#46;&#46;<\/p>\n","protected":false},"author":1,"featured_media":0,"parent":343,"menu_order":0,"comment_status":"closed","ping_status":"closed","template":"","meta":{"_exactmetrics_skip_tracking":false,"_exactmetrics_sitenote_active":false,"_exactmetrics_sitenote_note":"","_exactmetrics_sitenote_category":0,"footnotes":""},"_links":{"self":[{"href":"https:\/\/capovilla.org\/index.php\/wp-json\/wp\/v2\/pages\/647"}],"collection":[{"href":"https:\/\/capovilla.org\/index.php\/wp-json\/wp\/v2\/pages"}],"about":[{"href":"https:\/\/capovilla.org\/index.php\/wp-json\/wp\/v2\/types\/page"}],"author":[{"embeddable":true,"href":"https:\/\/capovilla.org\/index.php\/wp-json\/wp\/v2\/users\/1"}],"replies":[{"embeddable":true,"href":"https:\/\/capovilla.org\/index.php\/wp-json\/wp\/v2\/comments?post=647"}],"version-history":[{"count":7,"href":"https:\/\/capovilla.org\/index.php\/wp-json\/wp\/v2\/pages\/647\/revisions"}],"predecessor-version":[{"id":909,"href":"https:\/\/capovilla.org\/index.php\/wp-json\/wp\/v2\/pages\/647\/revisions\/909"}],"up":[{"embeddable":true,"href":"https:\/\/capovilla.org\/index.php\/wp-json\/wp\/v2\/pages\/343"}],"wp:attachment":[{"href":"https:\/\/capovilla.org\/index.php\/wp-json\/wp\/v2\/media?parent=647"}],"curies":[{"name":"wp","href":"https:\/\/api.w.org\/{rel}","templated":true}]}}