{"id":343,"date":"2019-08-08T11:12:49","date_gmt":"2019-08-08T09:12:49","guid":{"rendered":"http:\/\/capovilla.org\/?page_id=343"},"modified":"2020-04-28T17:18:39","modified_gmt":"2020-04-28T15:18:39","slug":"phototheque","status":"publish","type":"page","link":"https:\/\/capovilla.org\/index.php\/phototheque\/","title":{"rendered":"Phototh\u00e8que"},"content":{"rendered":"\n<p> Avec les mercredis du patrimoine et nos voyages d\u2019\u00e9tudes et d\u00e9couvertes,  nous avons constitu\u00e9 une solide banque de donn\u00e9es photographique que  nous organisons pour la mettre \u00e0 la disposition de tous, amateurs mais  aussi professionnels qui souhaiteraient en faire usage. Les diaporamas  sont regroup\u00e9s par ann\u00e9e et l\u2019exploration peut se faire par lieux ou par  mots-cl\u00e9s dans la zone de recherche ci-contre. <\/p>\n","protected":false},"excerpt":{"rendered":"<p>Avec les mercredis du patrimoine et nos voyages d\u2019\u00e9tudes et d\u00e9couvertes, nous avons constitu\u00e9 une solide banque de donn\u00e9es photographique que nous organisons pour la mettre \u00e0 la disposition de tous, amateurs mais aussi&#46;&#46;&#46;<\/p>\n","protected":false},"author":1,"featured_media":0,"parent":0,"menu_order":9,"comment_status":"closed","ping_status":"closed","template":"","meta":{"_exactmetrics_skip_tracking":false,"_exactmetrics_sitenote_active":false,"_exactmetrics_sitenote_note":"","_exactmetrics_sitenote_category":0,"footnotes":""},"_links":{"self":[{"href":"https:\/\/capovilla.org\/index.php\/wp-json\/wp\/v2\/pages\/343"}],"collection":[{"href":"https:\/\/capovilla.org\/index.php\/wp-json\/wp\/v2\/pages"}],"about":[{"href":"https:\/\/capovilla.org\/index.php\/wp-json\/wp\/v2\/types\/page"}],"author":[{"embeddable":true,"href":"https:\/\/capovilla.org\/index.php\/wp-json\/wp\/v2\/users\/1"}],"replies":[{"embeddable":true,"href":"https:\/\/capovilla.org\/index.php\/wp-json\/wp\/v2\/comments?post=343"}],"version-history":[{"count":5,"href":"https:\/\/capovilla.org\/index.php\/wp-json\/wp\/v2\/pages\/343\/revisions"}],"predecessor-version":[{"id":666,"href":"https:\/\/capovilla.org\/index.php\/wp-json\/wp\/v2\/pages\/343\/revisions\/666"}],"wp:attachment":[{"href":"https:\/\/capovilla.org\/index.php\/wp-json\/wp\/v2\/media?parent=343"}],"curies":[{"name":"wp","href":"https:\/\/api.w.org\/{rel}","templated":true}]}}