{"id":218,"date":"2019-08-03T19:00:32","date_gmt":"2019-08-03T17:00:32","guid":{"rendered":"http:\/\/capovilla.org\/?page_id=218"},"modified":"2020-02-07T15:10:12","modified_gmt":"2020-02-07T14:10:12","slug":"les-voyages-detude-annees-anterieures","status":"publish","type":"page","link":"https:\/\/capovilla.org\/index.php\/activites\/voyages-detudes\/les-voyages-detude-annees-anterieures\/","title":{"rendered":"Les voyages d&rsquo;\u00e9tude Ann\u00e9es ant\u00e9rieures"},"content":{"rendered":"","protected":false},"excerpt":{"rendered":"","protected":false},"author":1,"featured_media":0,"parent":161,"menu_order":45,"comment_status":"closed","ping_status":"closed","template":"","meta":{"_exactmetrics_skip_tracking":false,"_exactmetrics_sitenote_active":false,"_exactmetrics_sitenote_note":"","_exactmetrics_sitenote_category":0,"footnotes":""},"_links":{"self":[{"href":"https:\/\/capovilla.org\/index.php\/wp-json\/wp\/v2\/pages\/218"}],"collection":[{"href":"https:\/\/capovilla.org\/index.php\/wp-json\/wp\/v2\/pages"}],"about":[{"href":"https:\/\/capovilla.org\/index.php\/wp-json\/wp\/v2\/types\/page"}],"author":[{"embeddable":true,"href":"https:\/\/capovilla.org\/index.php\/wp-json\/wp\/v2\/users\/1"}],"replies":[{"embeddable":true,"href":"https:\/\/capovilla.org\/index.php\/wp-json\/wp\/v2\/comments?post=218"}],"version-history":[{"count":1,"href":"https:\/\/capovilla.org\/index.php\/wp-json\/wp\/v2\/pages\/218\/revisions"}],"predecessor-version":[{"id":219,"href":"https:\/\/capovilla.org\/index.php\/wp-json\/wp\/v2\/pages\/218\/revisions\/219"}],"up":[{"embeddable":true,"href":"https:\/\/capovilla.org\/index.php\/wp-json\/wp\/v2\/pages\/161"}],"wp:attachment":[{"href":"https:\/\/capovilla.org\/index.php\/wp-json\/wp\/v2\/media?parent=218"}],"curies":[{"name":"wp","href":"https:\/\/api.w.org\/{rel}","templated":true}]}}