{"id":167,"date":"2019-07-23T13:23:29","date_gmt":"2019-07-23T11:23:29","guid":{"rendered":"http:\/\/capovilla.org\/?page_id=167"},"modified":"2020-04-28T17:21:57","modified_gmt":"2020-04-28T15:21:57","slug":"le-bureau","status":"publish","type":"page","link":"https:\/\/capovilla.org\/index.php\/lassociation\/le-bureau\/","title":{"rendered":"Le bureau"},"content":{"rendered":"\n<p>Conseil d\u2019administration de l\u2019APIC&nbsp;<\/p>\n\n\n\n<p>Association pour le patrimoine industriel de Champagne-Ardenne<\/p>\n\n\n\n<p>renouvel\u00e9 pour les six ans \u00e0 venir par l\u2019Assembl\u00e9e g\u00e9n\u00e9rale du 1 er juin \u00e0 la suite de d\u00e9sistements et d\u00e9parts&nbsp;<\/p>\n\n\n\n<p><a href=\"http:\/\/www.patrimoineindustriel-apic.com\/bibliotheque\/biblio\/GDF.html\">Gracia Dorel-Ferr\u00e9<\/a>, docteur en histoire, pr\u00e9sidente<\/p>\n\n\n\n<p>Martine Combres<\/p>\n\n\n\n<p>Jean-Marie Duqu\u00e9nois<\/p>\n\n\n\n<p>Christophe Henrion<\/p>\n\n\n\n<p>Lo\u00efc Herv\u00e9<\/p>\n\n\n\n<p>No\u00eblle Manzoni<\/p>\n\n\n\n<p>Fran\u00e7oise Picot<\/p>\n\n\n\n<p>Roman de Ostoya Skonieczny.<\/p>\n\n\n\n<p><strong>Bureau de l\u2019APIC&nbsp;<\/strong><\/p>\n\n\n\n<p>Gracia Dorel-Ferr\u00e9, pr\u00e9sidente.<\/p>\n\n\n\n<p>Lo\u00efc Herv\u00e9, tr\u00e9sorier,<\/p>\n\n\n\n<p>Fran\u00e7oise Picot, secr\u00e9taire<\/p>\n\n\n\n<p><br>\nPour joindre l\u2019<strong>APIC<\/strong> :&nbsp;<\/p>\n\n\n\n<p>Au t\u00e9l\u00e9phone : 06 14 20 19 64<br>\nPar courrier \u00e9lectronique : <a href=\"mailto:gracia.dorel-ferre@gmail.com\">gracia.dorel-ferre@gmail.com<\/a><\/p>\n\n\n\n<p>Par courrier postal :&nbsp;<\/p>\n\n\n\n<p>Fran\u00e7oise Picot, secr\u00e9taire de L\u2019APIC, <br>\n2bis rue de Bourg Saint Maurice 02320 PINON&nbsp;<\/p>\n\n\n\n<p>Webmestre, r\u00e9alisation du site : <strong>Jean-Marie Duqu\u00e9nois<\/strong>&nbsp;<br><\/p>\n","protected":false},"excerpt":{"rendered":"<p>Conseil d\u2019administration de l\u2019APIC&nbsp; Association pour le patrimoine industriel de Champagne-Ardenne renouvel\u00e9 pour les six ans \u00e0 venir par l\u2019Assembl\u00e9e g\u00e9n\u00e9rale du 1 er juin \u00e0 la suite de d\u00e9sistements et d\u00e9parts&nbsp; Gracia Dorel-Ferr\u00e9,&#46;&#46;&#46;<\/p>\n","protected":false},"author":1,"featured_media":0,"parent":34,"menu_order":3,"comment_status":"closed","ping_status":"closed","template":"","meta":{"_exactmetrics_skip_tracking":false,"_exactmetrics_sitenote_active":false,"_exactmetrics_sitenote_note":"","_exactmetrics_sitenote_category":0,"footnotes":""},"_links":{"self":[{"href":"https:\/\/capovilla.org\/index.php\/wp-json\/wp\/v2\/pages\/167"}],"collection":[{"href":"https:\/\/capovilla.org\/index.php\/wp-json\/wp\/v2\/pages"}],"about":[{"href":"https:\/\/capovilla.org\/index.php\/wp-json\/wp\/v2\/types\/page"}],"author":[{"embeddable":true,"href":"https:\/\/capovilla.org\/index.php\/wp-json\/wp\/v2\/users\/1"}],"replies":[{"embeddable":true,"href":"https:\/\/capovilla.org\/index.php\/wp-json\/wp\/v2\/comments?post=167"}],"version-history":[{"count":3,"href":"https:\/\/capovilla.org\/index.php\/wp-json\/wp\/v2\/pages\/167\/revisions"}],"predecessor-version":[{"id":184,"href":"https:\/\/capovilla.org\/index.php\/wp-json\/wp\/v2\/pages\/167\/revisions\/184"}],"up":[{"embeddable":true,"href":"https:\/\/capovilla.org\/index.php\/wp-json\/wp\/v2\/pages\/34"}],"wp:attachment":[{"href":"https:\/\/capovilla.org\/index.php\/wp-json\/wp\/v2\/media?parent=167"}],"curies":[{"name":"wp","href":"https:\/\/api.w.org\/{rel}","templated":true}]}}